{"id":1557,"date":"2020-10-15T16:26:07","date_gmt":"2020-10-15T14:26:07","guid":{"rendered":"http:\/\/ppqepgzmx.cyon.link\/unternehmen\/bachmann-group\/"},"modified":"2026-03-18T10:05:34","modified_gmt":"2026-03-18T09:05:34","slug":"bachmann-group","status":"publish","type":"page","link":"https:\/\/www.bachmann-pflanzentrays.ch\/fr\/lentreprise\/bachmann-group\/","title":{"rendered":"BACHMANN GROUP"},"content":{"rendered":"<div id=\"pl-1557\"  class=\"panel-layout\" ><div id=\"pg-1557-0\"  class=\"panel-grid panel-has-style\" ><div data-iw-animation-delay=\"\" data-iw-animation-position=\"\" class=\"panel-row-style panel-row-style-for-1557-0\" ><div id=\"pgc-1557-0-0\"  class=\"panel-grid-cell\" ><div id=\"panel-1557-0-0-0\" class=\"so-panel widget widget_sow-editor panel-first-child panel-last-child\" data-index=\"0\" ><div data-iw-animation-delay=\"\" data-iw-animation-position=\"\" class=\"panel-widget-style panel-widget-style-for-1557-0-0-0\" ><div\n\t\t\t\n\t\t\tclass=\"so-widget-sow-editor so-widget-sow-editor-base\"\n\t\t\t\n\t\t>\n<div class=\"siteorigin-widget-tinymce textwidget\">\n\t<p data-start=\"35\" data-end=\"444\">Le groupe BACHMANN est une entreprise familiale suisse dont le si\u00e8ge est situ\u00e9 \u00e0 Hochdorf, pr\u00e8s de Lucerne, en Suisse, avec un second site \u00e0 Ering\/Inn, en Allemagne. Aujourd\u2019hui, ce groupe fort de 60 ans d\u2019exp\u00e9rience se compose de deux divisions sp\u00e9cialis\u00e9es, d\u00e9di\u00e9es aux emballages ainsi qu\u2019aux syst\u00e8mes de transport et de culture pour l\u2019horticulture, enti\u00e8rement orient\u00e9es vers les besoins de leurs clients.<\/p>\n<p data-start=\"446\" data-end=\"615\" data-is-last-node=\"\" data-is-only-node=\"\">Le respect, l\u2019ouverture, le professionnalisme et l\u2019enthousiasme constituent les principes fondamentaux qui guident le fils du fondateur ainsi que les 310 collaborateurs.<\/p>\n<p><a href=\"https:\/\/www.bachmann.ch\/fr\/\">BACHMANN GROUP<\/a><br \/>\n<a href=\"https:\/\/www.bachmann-kunststoff-verpackungen.ch\/fr\/\">BACHMANN FORMING AG<\/a><br \/>\n<a href=\"https:\/\/www.bachmann-pflanzentrays.ch\/\">BACHMANN PLANTEC AG<\/a><br \/>\n<a href=\"https:\/\/www.herkuplast.com\/fr\/accueil.html\">HERKUPLAST KUBERN GMBH<\/a><\/p>\n<\/div>\n<\/div><\/div><\/div><\/div><\/div><\/div><\/div>","protected":false},"excerpt":{"rendered":"<p>Le groupe BACHMANN est une entreprise familiale suisse dont le si\u00e8ge est situ\u00e9 \u00e0 Hochdorf, pr\u00e8s de Lucerne, en Suisse, avec un second site \u00e0 Ering\/Inn, en Allemagne. Aujourd\u2019hui, ce groupe fort de 60 ans d\u2019exp\u00e9rience se compose de deux divisions sp\u00e9cialis\u00e9es, d\u00e9di\u00e9es aux emballages ainsi qu\u2019aux syst\u00e8mes de transport et de culture pour l\u2019horticulture, [&hellip;]<\/p>\n","protected":false},"author":1,"featured_media":2531,"parent":1547,"menu_order":20,"comment_status":"closed","ping_status":"closed","template":"","meta":{"footnotes":""},"class_list":["post-1557","page","type-page","status-publish","has-post-thumbnail","hentry"],"yoast_head":"<!-- This site is optimized with the Yoast SEO plugin v25.9 - https:\/\/yoast.com\/wordpress\/plugins\/seo\/ -->\n<title>BACHMANN GROUP - BACHMANN PLANTEC AG<\/title>\n<meta name=\"robots\" content=\"index, follow, max-snippet:-1, max-image-preview:large, max-video-preview:-1\" \/>\n<link rel=\"canonical\" href=\"https:\/\/www.bachmann-pflanzentrays.ch\/fr\/lentreprise\/bachmann-group\/\" \/>\n<meta property=\"og:locale\" content=\"fr_FR\" \/>\n<meta property=\"og:type\" content=\"article\" \/>\n<meta property=\"og:title\" content=\"BACHMANN GROUP - BACHMANN PLANTEC AG\" \/>\n<meta property=\"og:description\" content=\"Le groupe BACHMANN est une entreprise familiale suisse dont le si\u00e8ge est situ\u00e9 \u00e0 Hochdorf, pr\u00e8s de Lucerne, en Suisse, avec un second site \u00e0 Ering\/Inn, en Allemagne. Aujourd\u2019hui, ce groupe fort de 60 ans d\u2019exp\u00e9rience se compose de deux divisions sp\u00e9cialis\u00e9es, d\u00e9di\u00e9es aux emballages ainsi qu\u2019aux syst\u00e8mes de transport et de culture pour l\u2019horticulture, [&hellip;]\" \/>\n<meta property=\"og:url\" content=\"https:\/\/www.bachmann-pflanzentrays.ch\/fr\/lentreprise\/bachmann-group\/\" \/>\n<meta property=\"og:site_name\" content=\"BACHMANN PLANTEC AG\" \/>\n<meta property=\"article:modified_time\" content=\"2026-03-18T09:05:34+00:00\" \/>\n<meta property=\"og:image\" content=\"https:\/\/www.bachmann-pflanzentrays.ch\/wp-content\/uploads\/sites\/3\/Bachmann-Reto_low.jpg\" \/>\n\t<meta property=\"og:image:width\" content=\"700\" \/>\n\t<meta property=\"og:image:height\" content=\"467\" \/>\n\t<meta property=\"og:image:type\" content=\"image\/jpeg\" \/>\n<meta name=\"twitter:card\" content=\"summary_large_image\" \/>\n<meta name=\"twitter:label1\" content=\"Dur\u00e9e de lecture estim\u00e9e\" \/>\n\t<meta name=\"twitter:data1\" content=\"1 minute\" \/>\n<script type=\"application\/ld+json\" class=\"yoast-schema-graph\">{\"@context\":\"https:\/\/schema.org\",\"@graph\":[{\"@type\":\"WebPage\",\"@id\":\"https:\/\/www.bachmann-pflanzentrays.ch\/fr\/lentreprise\/bachmann-group\/\",\"url\":\"https:\/\/www.bachmann-pflanzentrays.ch\/fr\/lentreprise\/bachmann-group\/\",\"name\":\"BACHMANN GROUP - BACHMANN PLANTEC AG\",\"isPartOf\":{\"@id\":\"https:\/\/www.bachmann-pflanzentrays.ch\/nl\/#website\"},\"primaryImageOfPage\":{\"@id\":\"https:\/\/www.bachmann-pflanzentrays.ch\/fr\/lentreprise\/bachmann-group\/#primaryimage\"},\"image\":{\"@id\":\"https:\/\/www.bachmann-pflanzentrays.ch\/fr\/lentreprise\/bachmann-group\/#primaryimage\"},\"thumbnailUrl\":\"https:\/\/www.bachmann-pflanzentrays.ch\/wp-content\/uploads\/sites\/3\/Bachmann-Reto_low.jpg\",\"datePublished\":\"2020-10-15T14:26:07+00:00\",\"dateModified\":\"2026-03-18T09:05:34+00:00\",\"breadcrumb\":{\"@id\":\"https:\/\/www.bachmann-pflanzentrays.ch\/fr\/lentreprise\/bachmann-group\/#breadcrumb\"},\"inLanguage\":\"fr-FR\",\"potentialAction\":[{\"@type\":\"ReadAction\",\"target\":[\"https:\/\/www.bachmann-pflanzentrays.ch\/fr\/lentreprise\/bachmann-group\/\"]}]},{\"@type\":\"ImageObject\",\"inLanguage\":\"fr-FR\",\"@id\":\"https:\/\/www.bachmann-pflanzentrays.ch\/fr\/lentreprise\/bachmann-group\/#primaryimage\",\"url\":\"https:\/\/www.bachmann-pflanzentrays.ch\/wp-content\/uploads\/sites\/3\/Bachmann-Reto_low.jpg\",\"contentUrl\":\"https:\/\/www.bachmann-pflanzentrays.ch\/wp-content\/uploads\/sites\/3\/Bachmann-Reto_low.jpg\",\"width\":700,\"height\":467},{\"@type\":\"BreadcrumbList\",\"@id\":\"https:\/\/www.bachmann-pflanzentrays.ch\/fr\/lentreprise\/bachmann-group\/#breadcrumb\",\"itemListElement\":[{\"@type\":\"ListItem\",\"position\":1,\"name\":\"Home\",\"item\":\"https:\/\/www.bachmann-pflanzentrays.ch\/fr\/\"},{\"@type\":\"ListItem\",\"position\":2,\"name\":\"L&rsquo;entreprise\",\"item\":\"https:\/\/www.bachmann-pflanzentrays.ch\/fr\/lentreprise\/\"},{\"@type\":\"ListItem\",\"position\":3,\"name\":\"BACHMANN GROUP\"}]},{\"@type\":\"WebSite\",\"@id\":\"https:\/\/www.bachmann-pflanzentrays.ch\/nl\/#website\",\"url\":\"https:\/\/www.bachmann-pflanzentrays.ch\/nl\/\",\"name\":\"BACHMANN PLANTEC AG\",\"description\":\"\",\"potentialAction\":[{\"@type\":\"SearchAction\",\"target\":{\"@type\":\"EntryPoint\",\"urlTemplate\":\"https:\/\/www.bachmann-pflanzentrays.ch\/nl\/?s={search_term_string}\"},\"query-input\":{\"@type\":\"PropertyValueSpecification\",\"valueRequired\":true,\"valueName\":\"search_term_string\"}}],\"inLanguage\":\"fr-FR\"}]}<\/script>\n<!-- \/ Yoast SEO plugin. -->","yoast_head_json":{"title":"BACHMANN GROUP - BACHMANN PLANTEC AG","robots":{"index":"index","follow":"follow","max-snippet":"max-snippet:-1","max-image-preview":"max-image-preview:large","max-video-preview":"max-video-preview:-1"},"canonical":"https:\/\/www.bachmann-pflanzentrays.ch\/fr\/lentreprise\/bachmann-group\/","og_locale":"fr_FR","og_type":"article","og_title":"BACHMANN GROUP - BACHMANN PLANTEC AG","og_description":"Le groupe BACHMANN est une entreprise familiale suisse dont le si\u00e8ge est situ\u00e9 \u00e0 Hochdorf, pr\u00e8s de Lucerne, en Suisse, avec un second site \u00e0 Ering\/Inn, en Allemagne. Aujourd\u2019hui, ce groupe fort de 60 ans d\u2019exp\u00e9rience se compose de deux divisions sp\u00e9cialis\u00e9es, d\u00e9di\u00e9es aux emballages ainsi qu\u2019aux syst\u00e8mes de transport et de culture pour l\u2019horticulture, [&hellip;]","og_url":"https:\/\/www.bachmann-pflanzentrays.ch\/fr\/lentreprise\/bachmann-group\/","og_site_name":"BACHMANN PLANTEC AG","article_modified_time":"2026-03-18T09:05:34+00:00","og_image":[{"width":700,"height":467,"url":"https:\/\/www.bachmann-pflanzentrays.ch\/wp-content\/uploads\/sites\/3\/Bachmann-Reto_low.jpg","type":"image\/jpeg"}],"twitter_card":"summary_large_image","twitter_misc":{"Dur\u00e9e de lecture estim\u00e9e":"1 minute"},"schema":{"@context":"https:\/\/schema.org","@graph":[{"@type":"WebPage","@id":"https:\/\/www.bachmann-pflanzentrays.ch\/fr\/lentreprise\/bachmann-group\/","url":"https:\/\/www.bachmann-pflanzentrays.ch\/fr\/lentreprise\/bachmann-group\/","name":"BACHMANN GROUP - BACHMANN PLANTEC AG","isPartOf":{"@id":"https:\/\/www.bachmann-pflanzentrays.ch\/nl\/#website"},"primaryImageOfPage":{"@id":"https:\/\/www.bachmann-pflanzentrays.ch\/fr\/lentreprise\/bachmann-group\/#primaryimage"},"image":{"@id":"https:\/\/www.bachmann-pflanzentrays.ch\/fr\/lentreprise\/bachmann-group\/#primaryimage"},"thumbnailUrl":"https:\/\/www.bachmann-pflanzentrays.ch\/wp-content\/uploads\/sites\/3\/Bachmann-Reto_low.jpg","datePublished":"2020-10-15T14:26:07+00:00","dateModified":"2026-03-18T09:05:34+00:00","breadcrumb":{"@id":"https:\/\/www.bachmann-pflanzentrays.ch\/fr\/lentreprise\/bachmann-group\/#breadcrumb"},"inLanguage":"fr-FR","potentialAction":[{"@type":"ReadAction","target":["https:\/\/www.bachmann-pflanzentrays.ch\/fr\/lentreprise\/bachmann-group\/"]}]},{"@type":"ImageObject","inLanguage":"fr-FR","@id":"https:\/\/www.bachmann-pflanzentrays.ch\/fr\/lentreprise\/bachmann-group\/#primaryimage","url":"https:\/\/www.bachmann-pflanzentrays.ch\/wp-content\/uploads\/sites\/3\/Bachmann-Reto_low.jpg","contentUrl":"https:\/\/www.bachmann-pflanzentrays.ch\/wp-content\/uploads\/sites\/3\/Bachmann-Reto_low.jpg","width":700,"height":467},{"@type":"BreadcrumbList","@id":"https:\/\/www.bachmann-pflanzentrays.ch\/fr\/lentreprise\/bachmann-group\/#breadcrumb","itemListElement":[{"@type":"ListItem","position":1,"name":"Home","item":"https:\/\/www.bachmann-pflanzentrays.ch\/fr\/"},{"@type":"ListItem","position":2,"name":"L&rsquo;entreprise","item":"https:\/\/www.bachmann-pflanzentrays.ch\/fr\/lentreprise\/"},{"@type":"ListItem","position":3,"name":"BACHMANN GROUP"}]},{"@type":"WebSite","@id":"https:\/\/www.bachmann-pflanzentrays.ch\/nl\/#website","url":"https:\/\/www.bachmann-pflanzentrays.ch\/nl\/","name":"BACHMANN PLANTEC AG","description":"","potentialAction":[{"@type":"SearchAction","target":{"@type":"EntryPoint","urlTemplate":"https:\/\/www.bachmann-pflanzentrays.ch\/nl\/?s={search_term_string}"},"query-input":{"@type":"PropertyValueSpecification","valueRequired":true,"valueName":"search_term_string"}}],"inLanguage":"fr-FR"}]}},"_links":{"self":[{"href":"https:\/\/www.bachmann-pflanzentrays.ch\/fr\/wp-json\/wp\/v2\/pages\/1557","targetHints":{"allow":["GET"]}}],"collection":[{"href":"https:\/\/www.bachmann-pflanzentrays.ch\/fr\/wp-json\/wp\/v2\/pages"}],"about":[{"href":"https:\/\/www.bachmann-pflanzentrays.ch\/fr\/wp-json\/wp\/v2\/types\/page"}],"author":[{"embeddable":true,"href":"https:\/\/www.bachmann-pflanzentrays.ch\/fr\/wp-json\/wp\/v2\/users\/1"}],"replies":[{"embeddable":true,"href":"https:\/\/www.bachmann-pflanzentrays.ch\/fr\/wp-json\/wp\/v2\/comments?post=1557"}],"version-history":[{"count":7,"href":"https:\/\/www.bachmann-pflanzentrays.ch\/fr\/wp-json\/wp\/v2\/pages\/1557\/revisions"}],"predecessor-version":[{"id":3176,"href":"https:\/\/www.bachmann-pflanzentrays.ch\/fr\/wp-json\/wp\/v2\/pages\/1557\/revisions\/3176"}],"up":[{"embeddable":true,"href":"https:\/\/www.bachmann-pflanzentrays.ch\/fr\/wp-json\/wp\/v2\/pages\/1547"}],"wp:featuredmedia":[{"embeddable":true,"href":"https:\/\/www.bachmann-pflanzentrays.ch\/fr\/wp-json\/wp\/v2\/media\/2531"}],"wp:attachment":[{"href":"https:\/\/www.bachmann-pflanzentrays.ch\/fr\/wp-json\/wp\/v2\/media?parent=1557"}],"curies":[{"name":"wp","href":"https:\/\/api.w.org\/{rel}","templated":true}]}}