{"id":1563,"date":"2021-01-13T16:27:34","date_gmt":"2021-01-13T15:27:34","guid":{"rendered":"http:\/\/ppqepgzmx.cyon.link\/unternehmen\/qualitaet\/"},"modified":"2021-05-05T10:32:45","modified_gmt":"2021-05-05T08:32:45","slug":"qualite","status":"publish","type":"page","link":"https:\/\/www.bachmann-pflanzentrays.ch\/fr\/lentreprise\/qualite\/","title":{"rendered":"Qualit\u00e9"},"content":{"rendered":"<div id=\"pl-1563\"  class=\"panel-layout\" ><div id=\"pg-1563-0\"  class=\"panel-grid panel-has-style\" ><div data-iw-animation-delay=\"\" data-iw-animation-position=\"\" class=\"panel-row-style panel-row-style-for-1563-0\" ><div id=\"pgc-1563-0-0\"  class=\"panel-grid-cell\" ><div id=\"panel-1563-0-0-0\" class=\"so-panel widget widget_sow-editor panel-first-child\" data-index=\"0\" ><div data-iw-animation-delay=\"\" data-iw-animation-position=\"\" class=\"panel-widget-style panel-widget-style-for-1563-0-0-0\" ><div\n\t\t\t\n\t\t\tclass=\"so-widget-sow-editor so-widget-sow-editor-base\"\n\t\t\t\n\t\t>\n<div class=\"siteorigin-widget-tinymce textwidget\">\n\t<p>L'entreprise est certifi\u00e9e ISO 9001 and 14001. Nous garantissons le respect des sp\u00e9cifications gr\u00e2ce au contr\u00f4le ininterrompu des marchandises livr\u00e9es ainsi qu\u2019aux contr\u00f4les au sein du processus.<\/p>\n<\/div>\n<\/div><\/div><\/div><div id=\"panel-1563-0-0-1\" class=\"so-panel widget widget_bachmannlink-widget\" data-index=\"1\" ><div data-iw-animation-delay=\"\" data-iw-animation-position=\"\" class=\"panel-widget-style panel-widget-style-for-1563-0-0-1\" ><div\n\t\t\t\n\t\t\tclass=\"so-widget-bachmannlink-widget so-widget-bachmannlink-widget-base\"\n\t\t\t\n\t\t>\n<div class=\"link link_dark\">\n    <a href='\/wp-content\/uploads\/sites\/3\/320299_fr_9001_14001_21.pdf' target='_blank'>Certificat ISO 9001, 14001<span uk-icon=\"icon: arrow-right; ratio: 1.2;\"><\/span><\/a>\n<\/div>\n<\/div><\/div><\/div><div id=\"panel-1563-0-0-2\" class=\"so-panel widget widget_sow-editor panel-last-child\" data-index=\"2\" ><div data-iw-animation-delay=\"\" data-iw-animation-position=\"\" class=\"panel-widget-style panel-widget-style-for-1563-0-0-2\" ><div\n\t\t\t\n\t\t\tclass=\"so-widget-sow-editor so-widget-sow-editor-base\"\n\t\t\t\n\t\t>\n<div class=\"siteorigin-widget-tinymce textwidget\">\n\t<p>(Gestion de la qualit\u00e9 et de l'environnement)<\/p>\n<\/div>\n<\/div><\/div><\/div><\/div><\/div><\/div><\/div>","protected":false},"excerpt":{"rendered":"<p>L&rsquo;entreprise est certifi\u00e9e ISO 9001 and 14001. Nous garantissons le respect des sp\u00e9cifications gr\u00e2ce au contr\u00f4le ininterrompu des marchandises livr\u00e9es ainsi qu\u2019aux contr\u00f4les au sein du processus. (Gestion de la qualit\u00e9 et de l&rsquo;environnement)<\/p>\n","protected":false},"author":1,"featured_media":0,"parent":1547,"menu_order":30,"comment_status":"closed","ping_status":"closed","template":"","meta":{"footnotes":""},"class_list":["post-1563","page","type-page","status-publish","hentry"],"yoast_head":"<!-- This site is optimized with the Yoast SEO plugin v25.9 - https:\/\/yoast.com\/wordpress\/plugins\/seo\/ -->\n<title>Qualit\u00e9 - BACHMANN PLANTEC AG<\/title>\n<meta name=\"robots\" content=\"index, follow, max-snippet:-1, max-image-preview:large, max-video-preview:-1\" \/>\n<link rel=\"canonical\" href=\"https:\/\/www.bachmann-pflanzentrays.ch\/fr\/lentreprise\/qualite\/\" \/>\n<meta property=\"og:locale\" content=\"fr_FR\" \/>\n<meta property=\"og:type\" content=\"article\" \/>\n<meta property=\"og:title\" content=\"Qualit\u00e9 - BACHMANN PLANTEC AG\" \/>\n<meta property=\"og:description\" content=\"L&#039;entreprise est certifi\u00e9e ISO 9001 and 14001. Nous garantissons le respect des sp\u00e9cifications gr\u00e2ce au contr\u00f4le ininterrompu des marchandises livr\u00e9es ainsi qu\u2019aux contr\u00f4les au sein du processus. (Gestion de la qualit\u00e9 et de l&#039;environnement)\" \/>\n<meta property=\"og:url\" content=\"https:\/\/www.bachmann-pflanzentrays.ch\/fr\/lentreprise\/qualite\/\" \/>\n<meta property=\"og:site_name\" content=\"BACHMANN PLANTEC AG\" \/>\n<meta property=\"article:modified_time\" content=\"2021-05-05T08:32:45+00:00\" \/>\n<meta name=\"twitter:card\" content=\"summary_large_image\" \/>\n<script type=\"application\/ld+json\" class=\"yoast-schema-graph\">{\"@context\":\"https:\/\/schema.org\",\"@graph\":[{\"@type\":\"WebPage\",\"@id\":\"https:\/\/www.bachmann-pflanzentrays.ch\/fr\/lentreprise\/qualite\/\",\"url\":\"https:\/\/www.bachmann-pflanzentrays.ch\/fr\/lentreprise\/qualite\/\",\"name\":\"Qualit\u00e9 - BACHMANN PLANTEC AG\",\"isPartOf\":{\"@id\":\"https:\/\/www.bachmann-pflanzentrays.ch\/nl\/#website\"},\"datePublished\":\"2021-01-13T15:27:34+00:00\",\"dateModified\":\"2021-05-05T08:32:45+00:00\",\"breadcrumb\":{\"@id\":\"https:\/\/www.bachmann-pflanzentrays.ch\/fr\/lentreprise\/qualite\/#breadcrumb\"},\"inLanguage\":\"fr-FR\",\"potentialAction\":[{\"@type\":\"ReadAction\",\"target\":[\"https:\/\/www.bachmann-pflanzentrays.ch\/fr\/lentreprise\/qualite\/\"]}]},{\"@type\":\"BreadcrumbList\",\"@id\":\"https:\/\/www.bachmann-pflanzentrays.ch\/fr\/lentreprise\/qualite\/#breadcrumb\",\"itemListElement\":[{\"@type\":\"ListItem\",\"position\":1,\"name\":\"Home\",\"item\":\"https:\/\/www.bachmann-pflanzentrays.ch\/fr\/\"},{\"@type\":\"ListItem\",\"position\":2,\"name\":\"L&rsquo;entreprise\",\"item\":\"https:\/\/www.bachmann-pflanzentrays.ch\/fr\/lentreprise\/\"},{\"@type\":\"ListItem\",\"position\":3,\"name\":\"Qualit\u00e9\"}]},{\"@type\":\"WebSite\",\"@id\":\"https:\/\/www.bachmann-pflanzentrays.ch\/nl\/#website\",\"url\":\"https:\/\/www.bachmann-pflanzentrays.ch\/nl\/\",\"name\":\"BACHMANN PLANTEC AG\",\"description\":\"\",\"potentialAction\":[{\"@type\":\"SearchAction\",\"target\":{\"@type\":\"EntryPoint\",\"urlTemplate\":\"https:\/\/www.bachmann-pflanzentrays.ch\/nl\/?s={search_term_string}\"},\"query-input\":{\"@type\":\"PropertyValueSpecification\",\"valueRequired\":true,\"valueName\":\"search_term_string\"}}],\"inLanguage\":\"fr-FR\"}]}<\/script>\n<!-- \/ Yoast SEO plugin. -->","yoast_head_json":{"title":"Qualit\u00e9 - BACHMANN PLANTEC AG","robots":{"index":"index","follow":"follow","max-snippet":"max-snippet:-1","max-image-preview":"max-image-preview:large","max-video-preview":"max-video-preview:-1"},"canonical":"https:\/\/www.bachmann-pflanzentrays.ch\/fr\/lentreprise\/qualite\/","og_locale":"fr_FR","og_type":"article","og_title":"Qualit\u00e9 - BACHMANN PLANTEC AG","og_description":"L'entreprise est certifi\u00e9e ISO 9001 and 14001. Nous garantissons le respect des sp\u00e9cifications gr\u00e2ce au contr\u00f4le ininterrompu des marchandises livr\u00e9es ainsi qu\u2019aux contr\u00f4les au sein du processus. (Gestion de la qualit\u00e9 et de l'environnement)","og_url":"https:\/\/www.bachmann-pflanzentrays.ch\/fr\/lentreprise\/qualite\/","og_site_name":"BACHMANN PLANTEC AG","article_modified_time":"2021-05-05T08:32:45+00:00","twitter_card":"summary_large_image","schema":{"@context":"https:\/\/schema.org","@graph":[{"@type":"WebPage","@id":"https:\/\/www.bachmann-pflanzentrays.ch\/fr\/lentreprise\/qualite\/","url":"https:\/\/www.bachmann-pflanzentrays.ch\/fr\/lentreprise\/qualite\/","name":"Qualit\u00e9 - BACHMANN PLANTEC AG","isPartOf":{"@id":"https:\/\/www.bachmann-pflanzentrays.ch\/nl\/#website"},"datePublished":"2021-01-13T15:27:34+00:00","dateModified":"2021-05-05T08:32:45+00:00","breadcrumb":{"@id":"https:\/\/www.bachmann-pflanzentrays.ch\/fr\/lentreprise\/qualite\/#breadcrumb"},"inLanguage":"fr-FR","potentialAction":[{"@type":"ReadAction","target":["https:\/\/www.bachmann-pflanzentrays.ch\/fr\/lentreprise\/qualite\/"]}]},{"@type":"BreadcrumbList","@id":"https:\/\/www.bachmann-pflanzentrays.ch\/fr\/lentreprise\/qualite\/#breadcrumb","itemListElement":[{"@type":"ListItem","position":1,"name":"Home","item":"https:\/\/www.bachmann-pflanzentrays.ch\/fr\/"},{"@type":"ListItem","position":2,"name":"L&rsquo;entreprise","item":"https:\/\/www.bachmann-pflanzentrays.ch\/fr\/lentreprise\/"},{"@type":"ListItem","position":3,"name":"Qualit\u00e9"}]},{"@type":"WebSite","@id":"https:\/\/www.bachmann-pflanzentrays.ch\/nl\/#website","url":"https:\/\/www.bachmann-pflanzentrays.ch\/nl\/","name":"BACHMANN PLANTEC AG","description":"","potentialAction":[{"@type":"SearchAction","target":{"@type":"EntryPoint","urlTemplate":"https:\/\/www.bachmann-pflanzentrays.ch\/nl\/?s={search_term_string}"},"query-input":{"@type":"PropertyValueSpecification","valueRequired":true,"valueName":"search_term_string"}}],"inLanguage":"fr-FR"}]}},"_links":{"self":[{"href":"https:\/\/www.bachmann-pflanzentrays.ch\/fr\/wp-json\/wp\/v2\/pages\/1563","targetHints":{"allow":["GET"]}}],"collection":[{"href":"https:\/\/www.bachmann-pflanzentrays.ch\/fr\/wp-json\/wp\/v2\/pages"}],"about":[{"href":"https:\/\/www.bachmann-pflanzentrays.ch\/fr\/wp-json\/wp\/v2\/types\/page"}],"author":[{"embeddable":true,"href":"https:\/\/www.bachmann-pflanzentrays.ch\/fr\/wp-json\/wp\/v2\/users\/1"}],"replies":[{"embeddable":true,"href":"https:\/\/www.bachmann-pflanzentrays.ch\/fr\/wp-json\/wp\/v2\/comments?post=1563"}],"version-history":[{"count":5,"href":"https:\/\/www.bachmann-pflanzentrays.ch\/fr\/wp-json\/wp\/v2\/pages\/1563\/revisions"}],"predecessor-version":[{"id":2195,"href":"https:\/\/www.bachmann-pflanzentrays.ch\/fr\/wp-json\/wp\/v2\/pages\/1563\/revisions\/2195"}],"up":[{"embeddable":true,"href":"https:\/\/www.bachmann-pflanzentrays.ch\/fr\/wp-json\/wp\/v2\/pages\/1547"}],"wp:attachment":[{"href":"https:\/\/www.bachmann-pflanzentrays.ch\/fr\/wp-json\/wp\/v2\/media?parent=1563"}],"curies":[{"name":"wp","href":"https:\/\/api.w.org\/{rel}","templated":true}]}}