{"id":1614,"date":"2020-10-16T08:52:07","date_gmt":"2020-10-16T06:52:07","guid":{"rendered":"http:\/\/ppqepgzmx.cyon.link\/kompetenzen\/tiefziehen\/"},"modified":"2021-03-29T16:55:07","modified_gmt":"2021-03-29T14:55:07","slug":"thermoformage","status":"publish","type":"page","link":"https:\/\/www.bachmann-pflanzentrays.ch\/fr\/competences\/thermoformage\/","title":{"rendered":"Thermoformage"},"content":{"rendered":"<div id=\"pl-1614\"  class=\"panel-layout\" ><div id=\"pg-1614-0\"  class=\"panel-grid panel-has-style\" ><div data-iw-animation-delay=\"\" data-iw-animation-position=\"\" class=\"panel-row-style panel-row-style-for-1614-0\" ><div id=\"pgc-1614-0-0\"  class=\"panel-grid-cell\" ><div id=\"panel-1614-0-0-0\" class=\"so-panel widget widget_sow-editor panel-first-child\" data-index=\"0\" ><div data-iw-animation-delay=\"\" data-iw-animation-position=\"\" class=\"panel-widget-style panel-widget-style-for-1614-0-0-0\" ><div\n\t\t\t\n\t\t\tclass=\"so-widget-sow-editor so-widget-sow-editor-base\"\n\t\t\t\n\t\t>\n<div class=\"siteorigin-widget-tinymce textwidget\">\n\t<p>&nbsp;<\/p>\n<h3>Le thermoformage du plastique<\/h3>\n<p>Le thermoformage de films en plastique est le proc\u00e9d\u00e9 id\u00e9al pour produire en \u00e9conomisant les ressources des emballages \u00e0 parois peu \u00e9paisses qui s\u2019empilent en occupant peu de place.<\/p>\n<p>Le processus de fabrication en deux \u00e9tapes, \u00e0 savoir l'extrusion du film et le formage ult\u00e9rieur, offre de nombreux avantages par rapport aux proc\u00e9d\u00e9s concurrents. Des co\u00fbts d'outillage mod\u00e9r\u00e9s et une grande libert\u00e9 de conception pour la structure du film constituent les principaux avantages, en plus des taux de cycle plus \u00e9lev\u00e9s.<\/p>\n<p>La capacit\u00e9 de production des lignes de thermoformage modernes n\u00e9cessite une technologie d'empilage robotis\u00e9e.<\/p>\n<\/div>\n<\/div><\/div><\/div><div id=\"panel-1614-0-0-1\" class=\"so-panel widget widget_bachmanncontentspacer-widget panel-last-child\" data-index=\"1\" ><div data-iw-animation-delay=\"\" data-iw-animation-position=\"\" class=\"panel-widget-style panel-widget-style-for-1614-0-0-1\" ><div\n\t\t\t\n\t\t\tclass=\"so-widget-bachmanncontentspacer-widget so-widget-bachmanncontentspacer-widget-base\"\n\t\t\t\n\t\t>    <div class=\"contentspacer-small\"><\/div>\n<\/div><\/div><\/div><\/div><\/div><\/div><div id=\"pg-1614-1\"  class=\"panel-grid panel-has-style\" ><div data-iw-animation-delay=\"\" data-iw-animation-position=\"\" class=\"panel-row-style panel-row-style-for-1614-1\" ><div id=\"pgc-1614-1-0\"  class=\"panel-grid-cell\" ><div id=\"panel-1614-1-0-0\" class=\"so-panel widget widget_sow-editor panel-first-child\" data-index=\"2\" ><div data-iw-animation-delay=\"\" data-iw-animation-position=\"\" class=\"panel-widget-style panel-widget-style-for-1614-1-0-0\" ><div\n\t\t\t\n\t\t\tclass=\"so-widget-sow-editor so-widget-sow-editor-base\"\n\t\t\t\n\t\t>\n<div class=\"siteorigin-widget-tinymce textwidget\">\n\t<p>&nbsp;<\/p>\n<h3>Thermoformage NETPAC\/NETPOT<\/h3>\n<p>Le filet en polypropyl\u00e8ne est form\u00e9 par un processus en deux \u00e9tapes. La structure en filet permet d'\u00e9conomiser jusqu'\u00e0 50 % de plastique. Ce processus constitue une \u00e9tape importante dans le domaine de la durabilit\u00e9, car l'emballage, qui \u00e9conomise les ressources, peut \u00eatre recycl\u00e9 \u00e0 100 %.<\/p>\n<\/div>\n<\/div><\/div><\/div><div id=\"panel-1614-1-0-1\" class=\"so-panel widget widget_bachmanncontentspacer-widget panel-last-child\" data-index=\"3\" ><div data-iw-animation-delay=\"\" data-iw-animation-position=\"\" class=\"panel-widget-style panel-widget-style-for-1614-1-0-1\" ><div\n\t\t\t\n\t\t\tclass=\"so-widget-bachmanncontentspacer-widget so-widget-bachmanncontentspacer-widget-base\"\n\t\t\t\n\t\t>    <div class=\"contentspacer-small\"><\/div>\n<\/div><\/div><\/div><\/div><\/div><\/div><\/div>","protected":false},"excerpt":{"rendered":"<p>&nbsp; Le thermoformage du plastique Le thermoformage de films en plastique est le proc\u00e9d\u00e9 id\u00e9al pour produire en \u00e9conomisant les ressources des emballages \u00e0 parois peu \u00e9paisses qui s\u2019empilent en occupant peu de place. Le processus de fabrication en deux \u00e9tapes, \u00e0 savoir l&rsquo;extrusion du film et le formage ult\u00e9rieur, offre de nombreux avantages par [&hellip;]<\/p>\n","protected":false},"author":1,"featured_media":0,"parent":1603,"menu_order":30,"comment_status":"closed","ping_status":"closed","template":"","meta":{"footnotes":""},"class_list":["post-1614","page","type-page","status-publish","hentry"],"yoast_head":"<!-- This site is optimized with the Yoast SEO plugin v25.9 - https:\/\/yoast.com\/wordpress\/plugins\/seo\/ -->\n<title>Thermoformage - BACHMANN PLANTEC AG<\/title>\n<meta name=\"robots\" content=\"index, follow, max-snippet:-1, max-image-preview:large, max-video-preview:-1\" \/>\n<link rel=\"canonical\" href=\"https:\/\/www.bachmann-pflanzentrays.ch\/fr\/competences\/thermoformage\/\" \/>\n<meta property=\"og:locale\" content=\"fr_FR\" \/>\n<meta property=\"og:type\" content=\"article\" \/>\n<meta property=\"og:title\" content=\"Thermoformage - BACHMANN PLANTEC AG\" \/>\n<meta property=\"og:description\" content=\"&nbsp; Le thermoformage du plastique Le thermoformage de films en plastique est le proc\u00e9d\u00e9 id\u00e9al pour produire en \u00e9conomisant les ressources des emballages \u00e0 parois peu \u00e9paisses qui s\u2019empilent en occupant peu de place. Le processus de fabrication en deux \u00e9tapes, \u00e0 savoir l&#039;extrusion du film et le formage ult\u00e9rieur, offre de nombreux avantages par [&hellip;]\" \/>\n<meta property=\"og:url\" content=\"https:\/\/www.bachmann-pflanzentrays.ch\/fr\/competences\/thermoformage\/\" \/>\n<meta property=\"og:site_name\" content=\"BACHMANN PLANTEC AG\" \/>\n<meta property=\"article:modified_time\" content=\"2021-03-29T14:55:07+00:00\" \/>\n<meta name=\"twitter:card\" content=\"summary_large_image\" \/>\n<meta name=\"twitter:label1\" content=\"Dur\u00e9e de lecture estim\u00e9e\" \/>\n\t<meta name=\"twitter:data1\" content=\"1 minute\" \/>\n<script type=\"application\/ld+json\" class=\"yoast-schema-graph\">{\"@context\":\"https:\/\/schema.org\",\"@graph\":[{\"@type\":\"WebPage\",\"@id\":\"https:\/\/www.bachmann-pflanzentrays.ch\/fr\/competences\/thermoformage\/\",\"url\":\"https:\/\/www.bachmann-pflanzentrays.ch\/fr\/competences\/thermoformage\/\",\"name\":\"Thermoformage - BACHMANN PLANTEC AG\",\"isPartOf\":{\"@id\":\"https:\/\/www.bachmann-pflanzentrays.ch\/nl\/#website\"},\"datePublished\":\"2020-10-16T06:52:07+00:00\",\"dateModified\":\"2021-03-29T14:55:07+00:00\",\"breadcrumb\":{\"@id\":\"https:\/\/www.bachmann-pflanzentrays.ch\/fr\/competences\/thermoformage\/#breadcrumb\"},\"inLanguage\":\"fr-FR\",\"potentialAction\":[{\"@type\":\"ReadAction\",\"target\":[\"https:\/\/www.bachmann-pflanzentrays.ch\/fr\/competences\/thermoformage\/\"]}]},{\"@type\":\"BreadcrumbList\",\"@id\":\"https:\/\/www.bachmann-pflanzentrays.ch\/fr\/competences\/thermoformage\/#breadcrumb\",\"itemListElement\":[{\"@type\":\"ListItem\",\"position\":1,\"name\":\"Home\",\"item\":\"https:\/\/www.bachmann-pflanzentrays.ch\/fr\/\"},{\"@type\":\"ListItem\",\"position\":2,\"name\":\"Comp\u00e9tences\",\"item\":\"https:\/\/www.bachmann-pflanzentrays.ch\/fr\/competences\/\"},{\"@type\":\"ListItem\",\"position\":3,\"name\":\"Thermoformage\"}]},{\"@type\":\"WebSite\",\"@id\":\"https:\/\/www.bachmann-pflanzentrays.ch\/nl\/#website\",\"url\":\"https:\/\/www.bachmann-pflanzentrays.ch\/nl\/\",\"name\":\"BACHMANN PLANTEC AG\",\"description\":\"\",\"potentialAction\":[{\"@type\":\"SearchAction\",\"target\":{\"@type\":\"EntryPoint\",\"urlTemplate\":\"https:\/\/www.bachmann-pflanzentrays.ch\/nl\/?s={search_term_string}\"},\"query-input\":{\"@type\":\"PropertyValueSpecification\",\"valueRequired\":true,\"valueName\":\"search_term_string\"}}],\"inLanguage\":\"fr-FR\"}]}<\/script>\n<!-- \/ Yoast SEO plugin. -->","yoast_head_json":{"title":"Thermoformage - BACHMANN PLANTEC AG","robots":{"index":"index","follow":"follow","max-snippet":"max-snippet:-1","max-image-preview":"max-image-preview:large","max-video-preview":"max-video-preview:-1"},"canonical":"https:\/\/www.bachmann-pflanzentrays.ch\/fr\/competences\/thermoformage\/","og_locale":"fr_FR","og_type":"article","og_title":"Thermoformage - BACHMANN PLANTEC AG","og_description":"&nbsp; Le thermoformage du plastique Le thermoformage de films en plastique est le proc\u00e9d\u00e9 id\u00e9al pour produire en \u00e9conomisant les ressources des emballages \u00e0 parois peu \u00e9paisses qui s\u2019empilent en occupant peu de place. Le processus de fabrication en deux \u00e9tapes, \u00e0 savoir l'extrusion du film et le formage ult\u00e9rieur, offre de nombreux avantages par [&hellip;]","og_url":"https:\/\/www.bachmann-pflanzentrays.ch\/fr\/competences\/thermoformage\/","og_site_name":"BACHMANN PLANTEC AG","article_modified_time":"2021-03-29T14:55:07+00:00","twitter_card":"summary_large_image","twitter_misc":{"Dur\u00e9e de lecture estim\u00e9e":"1 minute"},"schema":{"@context":"https:\/\/schema.org","@graph":[{"@type":"WebPage","@id":"https:\/\/www.bachmann-pflanzentrays.ch\/fr\/competences\/thermoformage\/","url":"https:\/\/www.bachmann-pflanzentrays.ch\/fr\/competences\/thermoformage\/","name":"Thermoformage - BACHMANN PLANTEC AG","isPartOf":{"@id":"https:\/\/www.bachmann-pflanzentrays.ch\/nl\/#website"},"datePublished":"2020-10-16T06:52:07+00:00","dateModified":"2021-03-29T14:55:07+00:00","breadcrumb":{"@id":"https:\/\/www.bachmann-pflanzentrays.ch\/fr\/competences\/thermoformage\/#breadcrumb"},"inLanguage":"fr-FR","potentialAction":[{"@type":"ReadAction","target":["https:\/\/www.bachmann-pflanzentrays.ch\/fr\/competences\/thermoformage\/"]}]},{"@type":"BreadcrumbList","@id":"https:\/\/www.bachmann-pflanzentrays.ch\/fr\/competences\/thermoformage\/#breadcrumb","itemListElement":[{"@type":"ListItem","position":1,"name":"Home","item":"https:\/\/www.bachmann-pflanzentrays.ch\/fr\/"},{"@type":"ListItem","position":2,"name":"Comp\u00e9tences","item":"https:\/\/www.bachmann-pflanzentrays.ch\/fr\/competences\/"},{"@type":"ListItem","position":3,"name":"Thermoformage"}]},{"@type":"WebSite","@id":"https:\/\/www.bachmann-pflanzentrays.ch\/nl\/#website","url":"https:\/\/www.bachmann-pflanzentrays.ch\/nl\/","name":"BACHMANN PLANTEC AG","description":"","potentialAction":[{"@type":"SearchAction","target":{"@type":"EntryPoint","urlTemplate":"https:\/\/www.bachmann-pflanzentrays.ch\/nl\/?s={search_term_string}"},"query-input":{"@type":"PropertyValueSpecification","valueRequired":true,"valueName":"search_term_string"}}],"inLanguage":"fr-FR"}]}},"_links":{"self":[{"href":"https:\/\/www.bachmann-pflanzentrays.ch\/fr\/wp-json\/wp\/v2\/pages\/1614","targetHints":{"allow":["GET"]}}],"collection":[{"href":"https:\/\/www.bachmann-pflanzentrays.ch\/fr\/wp-json\/wp\/v2\/pages"}],"about":[{"href":"https:\/\/www.bachmann-pflanzentrays.ch\/fr\/wp-json\/wp\/v2\/types\/page"}],"author":[{"embeddable":true,"href":"https:\/\/www.bachmann-pflanzentrays.ch\/fr\/wp-json\/wp\/v2\/users\/1"}],"replies":[{"embeddable":true,"href":"https:\/\/www.bachmann-pflanzentrays.ch\/fr\/wp-json\/wp\/v2\/comments?post=1614"}],"version-history":[{"count":3,"href":"https:\/\/www.bachmann-pflanzentrays.ch\/fr\/wp-json\/wp\/v2\/pages\/1614\/revisions"}],"predecessor-version":[{"id":1899,"href":"https:\/\/www.bachmann-pflanzentrays.ch\/fr\/wp-json\/wp\/v2\/pages\/1614\/revisions\/1899"}],"up":[{"embeddable":true,"href":"https:\/\/www.bachmann-pflanzentrays.ch\/fr\/wp-json\/wp\/v2\/pages\/1603"}],"wp:attachment":[{"href":"https:\/\/www.bachmann-pflanzentrays.ch\/fr\/wp-json\/wp\/v2\/media?parent=1614"}],"curies":[{"name":"wp","href":"https:\/\/api.w.org\/{rel}","templated":true}]}}