{"id":1619,"date":"2020-10-16T08:54:13","date_gmt":"2020-10-16T06:54:13","guid":{"rendered":"http:\/\/ppqepgzmx.cyon.link\/kompetenzen\/extrusion\/"},"modified":"2021-03-29T16:55:30","modified_gmt":"2021-03-29T14:55:30","slug":"extrusion","status":"publish","type":"page","link":"https:\/\/www.bachmann-pflanzentrays.ch\/fr\/competences\/extrusion\/","title":{"rendered":"Extrusion"},"content":{"rendered":"<div id=\"pl-1619\"  class=\"panel-layout\" ><div id=\"pg-1619-0\"  class=\"panel-grid panel-has-style\" ><div data-iw-animation-delay=\"\" data-iw-animation-position=\"\" class=\"panel-row-style panel-row-style-for-1619-0\" ><div id=\"pgc-1619-0-0\"  class=\"panel-grid-cell\" ><div id=\"panel-1619-0-0-0\" class=\"so-panel widget widget_sow-editor panel-first-child panel-last-child\" data-index=\"0\" ><div data-iw-animation-delay=\"\" data-iw-animation-position=\"\" class=\"panel-widget-style panel-widget-style-for-1619-0-0-0\" ><div\n\t\t\t\n\t\t\tclass=\"so-widget-sow-editor so-widget-sow-editor-base\"\n\t\t\t\n\t\t>\n<div class=\"siteorigin-widget-tinymce textwidget\">\n\t<p>Les lignes d'extrusion de films plats sont con\u00e7ues pour les films durs d'une \u00e0 plusieurs couches. La g\u00e9om\u00e9trie des vis des extrudeuses, qui a \u00e9t\u00e9 sp\u00e9cialement con\u00e7ue pour les mat\u00e9riaux recycl\u00e9s, permet de transformer une grande partie des mati\u00e8res recycl\u00e9es.<\/p>\n<p>Le concept de recyclage r\u00e9alis\u00e9 boucle le circuit entre la ligne de thermoformage, broyeur \u00e0 grillage estamp\u00e9, le silo de rebroyage et l'extrudeuse et permet ainsi d'\u00e9conomiser d'\u00e9normes co\u00fbts logistiques.<\/p>\n<\/div>\n<\/div><\/div><\/div><\/div><\/div><\/div><\/div>","protected":false},"excerpt":{"rendered":"<p>Les lignes d&rsquo;extrusion de films plats sont con\u00e7ues pour les films durs d&rsquo;une \u00e0 plusieurs couches. La g\u00e9om\u00e9trie des vis des extrudeuses, qui a \u00e9t\u00e9 sp\u00e9cialement con\u00e7ue pour les mat\u00e9riaux recycl\u00e9s, permet de transformer une grande partie des mati\u00e8res recycl\u00e9es. Le concept de recyclage r\u00e9alis\u00e9 boucle le circuit entre la ligne de thermoformage, broyeur \u00e0 [&hellip;]<\/p>\n","protected":false},"author":1,"featured_media":1378,"parent":1603,"menu_order":40,"comment_status":"closed","ping_status":"closed","template":"","meta":{"footnotes":""},"class_list":["post-1619","page","type-page","status-publish","has-post-thumbnail","hentry"],"yoast_head":"<!-- This site is optimized with the Yoast SEO plugin v25.9 - https:\/\/yoast.com\/wordpress\/plugins\/seo\/ -->\n<title>Extrusion - BACHMANN PLANTEC AG<\/title>\n<meta name=\"robots\" content=\"index, follow, max-snippet:-1, max-image-preview:large, max-video-preview:-1\" \/>\n<link rel=\"canonical\" href=\"https:\/\/www.bachmann-pflanzentrays.ch\/fr\/competences\/extrusion\/\" \/>\n<meta property=\"og:locale\" content=\"fr_FR\" \/>\n<meta property=\"og:type\" content=\"article\" \/>\n<meta property=\"og:title\" content=\"Extrusion - BACHMANN PLANTEC AG\" \/>\n<meta property=\"og:description\" content=\"Les lignes d&#039;extrusion de films plats sont con\u00e7ues pour les films durs d&#039;une \u00e0 plusieurs couches. La g\u00e9om\u00e9trie des vis des extrudeuses, qui a \u00e9t\u00e9 sp\u00e9cialement con\u00e7ue pour les mat\u00e9riaux recycl\u00e9s, permet de transformer une grande partie des mati\u00e8res recycl\u00e9es. Le concept de recyclage r\u00e9alis\u00e9 boucle le circuit entre la ligne de thermoformage, broyeur \u00e0 [&hellip;]\" \/>\n<meta property=\"og:url\" content=\"https:\/\/www.bachmann-pflanzentrays.ch\/fr\/competences\/extrusion\/\" \/>\n<meta property=\"og:site_name\" content=\"BACHMANN PLANTEC AG\" \/>\n<meta property=\"article:modified_time\" content=\"2021-03-29T14:55:30+00:00\" \/>\n<meta property=\"og:image\" content=\"https:\/\/www.bachmann-pflanzentrays.ch\/wp-content\/uploads\/sites\/3\/Kompetenzen_Extrusion.jpg\" \/>\n\t<meta property=\"og:image:width\" content=\"800\" \/>\n\t<meta property=\"og:image:height\" content=\"526\" \/>\n\t<meta property=\"og:image:type\" content=\"image\/jpeg\" \/>\n<meta name=\"twitter:card\" content=\"summary_large_image\" \/>\n<script type=\"application\/ld+json\" class=\"yoast-schema-graph\">{\"@context\":\"https:\/\/schema.org\",\"@graph\":[{\"@type\":\"WebPage\",\"@id\":\"https:\/\/www.bachmann-pflanzentrays.ch\/fr\/competences\/extrusion\/\",\"url\":\"https:\/\/www.bachmann-pflanzentrays.ch\/fr\/competences\/extrusion\/\",\"name\":\"Extrusion - BACHMANN PLANTEC AG\",\"isPartOf\":{\"@id\":\"https:\/\/www.bachmann-pflanzentrays.ch\/nl\/#website\"},\"primaryImageOfPage\":{\"@id\":\"https:\/\/www.bachmann-pflanzentrays.ch\/fr\/competences\/extrusion\/#primaryimage\"},\"image\":{\"@id\":\"https:\/\/www.bachmann-pflanzentrays.ch\/fr\/competences\/extrusion\/#primaryimage\"},\"thumbnailUrl\":\"https:\/\/www.bachmann-pflanzentrays.ch\/wp-content\/uploads\/sites\/3\/Kompetenzen_Extrusion.jpg\",\"datePublished\":\"2020-10-16T06:54:13+00:00\",\"dateModified\":\"2021-03-29T14:55:30+00:00\",\"breadcrumb\":{\"@id\":\"https:\/\/www.bachmann-pflanzentrays.ch\/fr\/competences\/extrusion\/#breadcrumb\"},\"inLanguage\":\"fr-FR\",\"potentialAction\":[{\"@type\":\"ReadAction\",\"target\":[\"https:\/\/www.bachmann-pflanzentrays.ch\/fr\/competences\/extrusion\/\"]}]},{\"@type\":\"ImageObject\",\"inLanguage\":\"fr-FR\",\"@id\":\"https:\/\/www.bachmann-pflanzentrays.ch\/fr\/competences\/extrusion\/#primaryimage\",\"url\":\"https:\/\/www.bachmann-pflanzentrays.ch\/wp-content\/uploads\/sites\/3\/Kompetenzen_Extrusion.jpg\",\"contentUrl\":\"https:\/\/www.bachmann-pflanzentrays.ch\/wp-content\/uploads\/sites\/3\/Kompetenzen_Extrusion.jpg\",\"width\":800,\"height\":526},{\"@type\":\"BreadcrumbList\",\"@id\":\"https:\/\/www.bachmann-pflanzentrays.ch\/fr\/competences\/extrusion\/#breadcrumb\",\"itemListElement\":[{\"@type\":\"ListItem\",\"position\":1,\"name\":\"Home\",\"item\":\"https:\/\/www.bachmann-pflanzentrays.ch\/fr\/\"},{\"@type\":\"ListItem\",\"position\":2,\"name\":\"Comp\u00e9tences\",\"item\":\"https:\/\/www.bachmann-pflanzentrays.ch\/fr\/competences\/\"},{\"@type\":\"ListItem\",\"position\":3,\"name\":\"Extrusion\"}]},{\"@type\":\"WebSite\",\"@id\":\"https:\/\/www.bachmann-pflanzentrays.ch\/nl\/#website\",\"url\":\"https:\/\/www.bachmann-pflanzentrays.ch\/nl\/\",\"name\":\"BACHMANN PLANTEC AG\",\"description\":\"\",\"potentialAction\":[{\"@type\":\"SearchAction\",\"target\":{\"@type\":\"EntryPoint\",\"urlTemplate\":\"https:\/\/www.bachmann-pflanzentrays.ch\/nl\/?s={search_term_string}\"},\"query-input\":{\"@type\":\"PropertyValueSpecification\",\"valueRequired\":true,\"valueName\":\"search_term_string\"}}],\"inLanguage\":\"fr-FR\"}]}<\/script>\n<!-- \/ Yoast SEO plugin. -->","yoast_head_json":{"title":"Extrusion - BACHMANN PLANTEC AG","robots":{"index":"index","follow":"follow","max-snippet":"max-snippet:-1","max-image-preview":"max-image-preview:large","max-video-preview":"max-video-preview:-1"},"canonical":"https:\/\/www.bachmann-pflanzentrays.ch\/fr\/competences\/extrusion\/","og_locale":"fr_FR","og_type":"article","og_title":"Extrusion - BACHMANN PLANTEC AG","og_description":"Les lignes d'extrusion de films plats sont con\u00e7ues pour les films durs d'une \u00e0 plusieurs couches. La g\u00e9om\u00e9trie des vis des extrudeuses, qui a \u00e9t\u00e9 sp\u00e9cialement con\u00e7ue pour les mat\u00e9riaux recycl\u00e9s, permet de transformer une grande partie des mati\u00e8res recycl\u00e9es. Le concept de recyclage r\u00e9alis\u00e9 boucle le circuit entre la ligne de thermoformage, broyeur \u00e0 [&hellip;]","og_url":"https:\/\/www.bachmann-pflanzentrays.ch\/fr\/competences\/extrusion\/","og_site_name":"BACHMANN PLANTEC AG","article_modified_time":"2021-03-29T14:55:30+00:00","og_image":[{"width":800,"height":526,"url":"https:\/\/www.bachmann-pflanzentrays.ch\/wp-content\/uploads\/sites\/3\/Kompetenzen_Extrusion.jpg","type":"image\/jpeg"}],"twitter_card":"summary_large_image","schema":{"@context":"https:\/\/schema.org","@graph":[{"@type":"WebPage","@id":"https:\/\/www.bachmann-pflanzentrays.ch\/fr\/competences\/extrusion\/","url":"https:\/\/www.bachmann-pflanzentrays.ch\/fr\/competences\/extrusion\/","name":"Extrusion - BACHMANN PLANTEC AG","isPartOf":{"@id":"https:\/\/www.bachmann-pflanzentrays.ch\/nl\/#website"},"primaryImageOfPage":{"@id":"https:\/\/www.bachmann-pflanzentrays.ch\/fr\/competences\/extrusion\/#primaryimage"},"image":{"@id":"https:\/\/www.bachmann-pflanzentrays.ch\/fr\/competences\/extrusion\/#primaryimage"},"thumbnailUrl":"https:\/\/www.bachmann-pflanzentrays.ch\/wp-content\/uploads\/sites\/3\/Kompetenzen_Extrusion.jpg","datePublished":"2020-10-16T06:54:13+00:00","dateModified":"2021-03-29T14:55:30+00:00","breadcrumb":{"@id":"https:\/\/www.bachmann-pflanzentrays.ch\/fr\/competences\/extrusion\/#breadcrumb"},"inLanguage":"fr-FR","potentialAction":[{"@type":"ReadAction","target":["https:\/\/www.bachmann-pflanzentrays.ch\/fr\/competences\/extrusion\/"]}]},{"@type":"ImageObject","inLanguage":"fr-FR","@id":"https:\/\/www.bachmann-pflanzentrays.ch\/fr\/competences\/extrusion\/#primaryimage","url":"https:\/\/www.bachmann-pflanzentrays.ch\/wp-content\/uploads\/sites\/3\/Kompetenzen_Extrusion.jpg","contentUrl":"https:\/\/www.bachmann-pflanzentrays.ch\/wp-content\/uploads\/sites\/3\/Kompetenzen_Extrusion.jpg","width":800,"height":526},{"@type":"BreadcrumbList","@id":"https:\/\/www.bachmann-pflanzentrays.ch\/fr\/competences\/extrusion\/#breadcrumb","itemListElement":[{"@type":"ListItem","position":1,"name":"Home","item":"https:\/\/www.bachmann-pflanzentrays.ch\/fr\/"},{"@type":"ListItem","position":2,"name":"Comp\u00e9tences","item":"https:\/\/www.bachmann-pflanzentrays.ch\/fr\/competences\/"},{"@type":"ListItem","position":3,"name":"Extrusion"}]},{"@type":"WebSite","@id":"https:\/\/www.bachmann-pflanzentrays.ch\/nl\/#website","url":"https:\/\/www.bachmann-pflanzentrays.ch\/nl\/","name":"BACHMANN PLANTEC AG","description":"","potentialAction":[{"@type":"SearchAction","target":{"@type":"EntryPoint","urlTemplate":"https:\/\/www.bachmann-pflanzentrays.ch\/nl\/?s={search_term_string}"},"query-input":{"@type":"PropertyValueSpecification","valueRequired":true,"valueName":"search_term_string"}}],"inLanguage":"fr-FR"}]}},"_links":{"self":[{"href":"https:\/\/www.bachmann-pflanzentrays.ch\/fr\/wp-json\/wp\/v2\/pages\/1619","targetHints":{"allow":["GET"]}}],"collection":[{"href":"https:\/\/www.bachmann-pflanzentrays.ch\/fr\/wp-json\/wp\/v2\/pages"}],"about":[{"href":"https:\/\/www.bachmann-pflanzentrays.ch\/fr\/wp-json\/wp\/v2\/types\/page"}],"author":[{"embeddable":true,"href":"https:\/\/www.bachmann-pflanzentrays.ch\/fr\/wp-json\/wp\/v2\/users\/1"}],"replies":[{"embeddable":true,"href":"https:\/\/www.bachmann-pflanzentrays.ch\/fr\/wp-json\/wp\/v2\/comments?post=1619"}],"version-history":[{"count":2,"href":"https:\/\/www.bachmann-pflanzentrays.ch\/fr\/wp-json\/wp\/v2\/pages\/1619\/revisions"}],"predecessor-version":[{"id":1901,"href":"https:\/\/www.bachmann-pflanzentrays.ch\/fr\/wp-json\/wp\/v2\/pages\/1619\/revisions\/1901"}],"up":[{"embeddable":true,"href":"https:\/\/www.bachmann-pflanzentrays.ch\/fr\/wp-json\/wp\/v2\/pages\/1603"}],"wp:featuredmedia":[{"embeddable":true,"href":"https:\/\/www.bachmann-pflanzentrays.ch\/fr\/wp-json\/wp\/v2\/media\/1378"}],"wp:attachment":[{"href":"https:\/\/www.bachmann-pflanzentrays.ch\/fr\/wp-json\/wp\/v2\/media?parent=1619"}],"curies":[{"name":"wp","href":"https:\/\/api.w.org\/{rel}","templated":true}]}}